{"id":4880,"date":"2021-05-31T12:38:44","date_gmt":"2021-05-31T12:38:44","guid":{"rendered":"https:\/\/inovestpartners.com\/strategie-produkte\/"},"modified":"2022-11-14T12:23:00","modified_gmt":"2022-11-14T12:23:00","slug":"unsere-strategie","status":"publish","type":"page","link":"https:\/\/inovestpartners.com\/de\/unsere-strategie\/","title":{"rendered":"Unsere Strategie"},"content":{"rendered":"<div class=\"gb-container gb-container-ce3f08a1\"><div class=\"gb-inside-container\">\n<div class=\"gb-grid-wrapper gb-grid-wrapper-f48a0c5f\">\n<div class=\"gb-grid-column gb-grid-column-754d2822\"><div class=\"gb-container gb-container-754d2822\"><div class=\"gb-inside-container\">\n\n<h1 class=\"gb-headline gb-headline-e81e3b7a gb-headline-text\">Investment Strategie<\/h1>\n\n\n\n<p>INOVEST wendet wissenschaftlich fundierte Technologien an, um Investitionspotentiale zu identifizieren und diese erfolgreich, mit lizenzierten Partnern, zu realisieren. Wir analysieren eine Vielfalt an Daten mit statistischen und quantitativen Methoden. Diese sind auf eine vorausschauende Analyse ausgelegt, welche eine Vielzahl verschiedenster Entscheidungsindikatoren herausfiltert.<\/p>\n\n\n\n<p>Diese Indikatoren werden in algorithmischen Strategien angewendet, die mit dem Ziel arbeiten, konstante und wiederholbare Ergebnisse im Kontext der entsprechenden Risikoanalysen zu erzielen.<\/p>\n\n\n\n<p>Unsere Strategien unterliegen einem dauernden Weiterentwicklungsprozess. Der Fokus liegt darauf den alphasuchenden Charakter beizubehalten und gleichzeitig mit nicht vorhersehbaren, aber eventualen Ereignissen umgehen zu k\u00f6nnen.<\/p>\n\n<\/div><\/div><\/div>\n\n<div class=\"gb-grid-column gb-grid-column-20ac2651\"><div class=\"gb-container gb-container-20ac2651\"><div class=\"gb-inside-container\">\n<div class=\"gb-container gb-container-7b308e8a\"><div class=\"gb-inside-container\">\n\n<h3 class=\"gb-headline gb-headline-fb38f30e gb-headline-text\">fundiert. KI-basiert.<\/h3>\n\n\n\n<h3 class=\"gb-headline gb-headline-716eca82 gb-headline-text\">Anlagechancen schaffen<\/h3>\n\n<\/div><\/div>\n<\/div><\/div><\/div>\n<\/div>\n<\/div><\/div>\n\n<div class=\"gb-container gb-container-fc61b50d\"><div class=\"gb-inside-container\">\n\n<h1 class=\"gb-headline gb-headline-767190dd gb-headline-text\">Unsere marktneutrale US Equity Chance<\/h1>\n\n<\/div><\/div>\n\n<div class=\"gb-container gb-container-020d5402\"><div class=\"gb-inside-container\">\n<div class=\"gb-grid-wrapper gb-grid-wrapper-5c211558\">\n<div class=\"gb-grid-column gb-grid-column-dcc3cbc0\"><div class=\"gb-container gb-container-dcc3cbc0\"><div class=\"gb-inside-container\">\n\n<h1 class=\"gb-headline gb-headline-9ff5128a gb-headline-text\">INOVEST USEQ Market Neutral<\/h1>\n\n\n\n<p>Unsere USEQ Market Neutral Strategie zielt darauf ab, Verm\u00f6gen zu sichern und dabei unabh\u00e4ngig von den M\u00e4rkten best\u00e4ndig Ertr\u00e4ge zu generieren.<\/p>\n\n\n\n<p>Die Strategie ist eine &#8222;Allwetter&#8220; Investmentoption mit minimaler Korrelation zum Gesamtmarkt und geringerer Portfoliovolatilit\u00e4t und gleichzeitig systematisch Alphapotential aus unserem definierten Anlageuniversum nutzt.<\/p>\n\n\n<div class=\"gb-button-wrapper gb-button-wrapper-45b1b318\">\n\n<a class=\"gb-button gb-button-f3423d4f\" href=\"https:\/\/inovestpartners.com\/de\/unsere-strategie\/inovest-useq_marketneutral\/\"><span class=\"gb-button-text\">Erfahren Sie mehr<\/span><span class=\"gb-icon\"><svg xmlns=\"http:\/\/www.w3.org\/2000\/svg\" width=\"24\" height=\"24\" viewBox=\"0 0 24 24\"><path d=\"M13.025 1l-2.847 2.828 6.176 6.176h-16.354v3.992h16.354l-6.176 6.176 2.847 2.828 10.975-11z\"><\/path><\/svg><\/span><\/a>\n\n<\/div>\n<\/div><\/div><\/div>\n\n<div class=\"gb-grid-column gb-grid-column-e936dd58\"><div class=\"gb-container gb-container-e936dd58\"><div class=\"gb-inside-container\">\n<div class=\"gb-container gb-container-7a1520d4\"><div class=\"gb-inside-container\">\n\n<h3 class=\"gb-headline gb-headline-39f0c88a gb-headline-text\">ausgeglichen. best\u00e4ndig.<\/h3>\n\n\n\n<h3 class=\"gb-headline gb-headline-934ee79e gb-headline-text\">Marktchancen <br>erkennen &amp; nutzen<\/h3>\n\n<\/div><\/div>\n<\/div><\/div><\/div>\n<\/div>\n<\/div><\/div>","protected":false},"excerpt":{"rendered":"<p>Unsere marktneutrale US Equity Chance<\/p>\n","protected":false},"author":1,"featured_media":5987,"parent":0,"menu_order":2,"comment_status":"closed","ping_status":"closed","template":"","meta":{"_coblocks_attr":"","_coblocks_dimensions":"","_coblocks_responsive_height":"","_coblocks_accordion_ie_support":"","_kad_blocks_custom_css":"","_kad_blocks_head_custom_js":"","_kad_blocks_body_custom_js":"","_kad_blocks_footer_custom_js":"","footnotes":""},"class_list":["post-4880","page","type-page","status-publish","has-post-thumbnail"],"taxonomy_info":[],"featured_image_src_large":["https:\/\/inovestpartners.com\/wp-content\/uploads\/2021\/06\/header-banner-strategies_sw-1024x388.jpg",1024,388,true],"author_info":{"display_name":"ivomedia","author_link":"https:\/\/inovestpartners.com\/de\/author\/ivomedia\/"},"comment_info":0,"_links":{"self":[{"href":"https:\/\/inovestpartners.com\/de\/wp-json\/wp\/v2\/pages\/4880","targetHints":{"allow":["GET"]}}],"collection":[{"href":"https:\/\/inovestpartners.com\/de\/wp-json\/wp\/v2\/pages"}],"about":[{"href":"https:\/\/inovestpartners.com\/de\/wp-json\/wp\/v2\/types\/page"}],"author":[{"embeddable":true,"href":"https:\/\/inovestpartners.com\/de\/wp-json\/wp\/v2\/users\/1"}],"replies":[{"embeddable":true,"href":"https:\/\/inovestpartners.com\/de\/wp-json\/wp\/v2\/comments?post=4880"}],"version-history":[{"count":59,"href":"https:\/\/inovestpartners.com\/de\/wp-json\/wp\/v2\/pages\/4880\/revisions"}],"predecessor-version":[{"id":6680,"href":"https:\/\/inovestpartners.com\/de\/wp-json\/wp\/v2\/pages\/4880\/revisions\/6680"}],"wp:featuredmedia":[{"embeddable":true,"href":"https:\/\/inovestpartners.com\/de\/wp-json\/wp\/v2\/media\/5987"}],"wp:attachment":[{"href":"https:\/\/inovestpartners.com\/de\/wp-json\/wp\/v2\/media?parent=4880"}],"curies":[{"name":"wp","href":"https:\/\/api.w.org\/{rel}","templated":true}]}}