{"id":4896,"date":"2021-05-31T13:13:36","date_gmt":"2021-05-31T13:13:36","guid":{"rendered":"https:\/\/inovestpartners.com\/strategie-produkte\/inovest-quantage-useq\/"},"modified":"2023-10-06T14:16:07","modified_gmt":"2023-10-06T14:16:07","slug":"inovest-useq_marketneutral","status":"publish","type":"page","link":"https:\/\/inovestpartners.com\/de\/unsere-strategie\/inovest-useq_marketneutral\/","title":{"rendered":"INOVEST USEQ Market Neutral"},"content":{"rendered":"<div class=\"gb-container gb-container-a88881b2\"><div class=\"gb-inside-container\">\n<div class=\"gb-grid-wrapper gb-grid-wrapper-3f854cac\">\n<div class=\"gb-grid-column gb-grid-column-6bf0c0a3\"><div class=\"gb-container gb-container-6bf0c0a3\"><div class=\"gb-inside-container\">\n\n<h1 class=\"gb-headline gb-headline-4cf7eab9 gb-headline-text\">INOVEST USEQ Market Neutral<\/h1>\n\n\n\n<p>Die <strong>INOVEST USEQ Market Neutral<\/strong> Strategie ist ein <strong>long-short<\/strong> US-Aktienportfolio, das als aktiv verwaltetes Zertifikat (AMC) in USD verf\u00fcgbar ist.<\/p>\n\n\n\n<p>Diese Anlagestrategie nutzt ein &#8222;Barra-\u00e4hnliches&#8220; Risikoanalyse-Modell, w\u00e4hrend vorausschauende Aufw\u00e4rtsmerkmale aus INOVESTs diskertion\u00e4ren Alpha-Lab Faktoren Gewinnchancen generieren.<\/p>\n\n\n\n<p>Diese Faktoren werden aus INOVESTs QUANT Engine, der Fundamental- und technische Daten verwendet, erzeugt und mit Erkenntnissen aus alternativen Daten angereichert.<\/p>\n\n\n\n<p>Das Ergebnis ist ein US-Aktienportfolio, das darauf abzielt, Wohlstand zu sichern und gleichzeitig best\u00e4ndig Renditen zu erzielen, indem es den diskretion\u00e4ren Prozess der Strategie zur Generierung von absolutem Alpha nutzt.<\/p>\n\n\n\n<p>Das AMC wird von QUANTINVEST Issuer LLC ausgegeben.<br>INOVEST Partners fungiert als Anlageberater f\u00fcr das Portfolio.<\/p>\n\n\n\n<p><\/p>\n\n\n\n<p><\/p>\n\n\n\n<p>Kontakt: <a href=\"mailto:reception@inovestpartners.com\" data-type=\"mailto\" data-id=\"mailto:reception@inovestpartners.com\">reception@inovestpartners.com<\/a><\/p>\n\n<\/div><\/div><\/div>\n\n<div class=\"gb-grid-column gb-grid-column-13a47694\"><div class=\"gb-container gb-container-13a47694\"><div class=\"gb-inside-container\">\n<div class=\"gb-container gb-container-f26c4ebe\"><div class=\"gb-inside-container\">\n\n<h3 class=\"gb-headline gb-headline-72d6b5b3 gb-headline-text\">Factsheet: <a href=\"https:\/\/inovestpartners.com\/wp-content\/uploads\/2023\/10\/INOVEST-USEQ-Market-Neutral-Factsheet-30.09.23.pdf\" data-type=\"attachment\" target=\"_blank\" rel=\"noreferrer noopener\">View<\/a><\/h3>\n\n\n\n<h3 class=\"gb-headline gb-headline-4f2ead63 gb-headline-text\">USD: <a href=\"https:\/\/www.cash.ch\/derivate\/bskt-quan-open-115093816\/iku\/usd\" target=\"_blank\" rel=\"noreferrer noopener\">View on cash.ch<\/a><\/h3>\n\n\n\n<h3 class=\"gb-headline gb-headline-7180d8f5 gb-headline-text\"><\/h3>\n\n<\/div><\/div>\n<\/div><\/div><\/div>\n<\/div>\n<\/div><\/div>","protected":false},"excerpt":{"rendered":"","protected":false},"author":1,"featured_media":6395,"parent":4880,"menu_order":3,"comment_status":"closed","ping_status":"closed","template":"","meta":{"_coblocks_attr":"","_coblocks_dimensions":"","_coblocks_responsive_height":"","_coblocks_accordion_ie_support":"","_kad_blocks_custom_css":"","_kad_blocks_head_custom_js":"","_kad_blocks_body_custom_js":"","_kad_blocks_footer_custom_js":"","footnotes":""},"class_list":["post-4896","page","type-page","status-publish","has-post-thumbnail"],"taxonomy_info":[],"featured_image_src_large":["https:\/\/inovestpartners.com\/wp-content\/uploads\/2022\/03\/Balance-FINAL-min-1024x373.jpg",1024,373,true],"author_info":{"display_name":"ivomedia","author_link":"https:\/\/inovestpartners.com\/de\/author\/ivomedia\/"},"comment_info":0,"_links":{"self":[{"href":"https:\/\/inovestpartners.com\/de\/wp-json\/wp\/v2\/pages\/4896","targetHints":{"allow":["GET"]}}],"collection":[{"href":"https:\/\/inovestpartners.com\/de\/wp-json\/wp\/v2\/pages"}],"about":[{"href":"https:\/\/inovestpartners.com\/de\/wp-json\/wp\/v2\/types\/page"}],"author":[{"embeddable":true,"href":"https:\/\/inovestpartners.com\/de\/wp-json\/wp\/v2\/users\/1"}],"replies":[{"embeddable":true,"href":"https:\/\/inovestpartners.com\/de\/wp-json\/wp\/v2\/comments?post=4896"}],"version-history":[{"count":51,"href":"https:\/\/inovestpartners.com\/de\/wp-json\/wp\/v2\/pages\/4896\/revisions"}],"predecessor-version":[{"id":6828,"href":"https:\/\/inovestpartners.com\/de\/wp-json\/wp\/v2\/pages\/4896\/revisions\/6828"}],"up":[{"embeddable":true,"href":"https:\/\/inovestpartners.com\/de\/wp-json\/wp\/v2\/pages\/4880"}],"wp:featuredmedia":[{"embeddable":true,"href":"https:\/\/inovestpartners.com\/de\/wp-json\/wp\/v2\/media\/6395"}],"wp:attachment":[{"href":"https:\/\/inovestpartners.com\/de\/wp-json\/wp\/v2\/media?parent=4896"}],"curies":[{"name":"wp","href":"https:\/\/api.w.org\/{rel}","templated":true}]}}